{"id":35883,"date":"2016-03-11T12:57:00","date_gmt":"2016-03-11T12:57:00","guid":{"rendered":"http:\/\/lezee.be\/?page_id=35883"},"modified":"2023-09-25T04:10:05","modified_gmt":"2023-09-25T04:10:05","slug":"restaurant","status":"publish","type":"page","link":"https:\/\/lezee.be\/?page_id=35883","title":{"rendered":"Restaurant"},"content":{"rendered":"<p>[vc_row type=&#8221;1&#8243; margin_top=&#8221;-50px&#8221; padding_top=&#8221;44&#8243; padding_bottom=&#8221;24&#8243; bg_repeat=&#8221;repeat&#8221; css=&#8221;.vc_custom_1463684589099{margin-bottom: 0px !important;}&#8221; el_class=&#8221;Op-block&#8221;][vc_column offset=&#8221;vc_col-lg-4 vc_col-md-4 vc_col-xs-12&#8243;]<div class=\"shortcode-banner shortcode-banner-link\" style=\"min-height: 180px;background-image: url(https:\/\/lezee.be\/wp-content\/uploads\/2016\/03\/photo-12.jpg)\" onclick=\"window.location.href='http:\/\/lezee.be\/menu\/';\"><div class=\"shortcode-banner-bg wf-table\" style=\"padding: 10px;min-height: 180px\"><div class=\"shortcode-banner-inside wf-table text-normal\" style=\"background-color: rgb(0,0,0);background-color: rgba(0,0,0,0.01);border: solid 0px transparent;outline: solid 2px;outline-color: rgba(255,255,255,0.85);height: 180px\"><div><h2 style=\"font-size: 24px; text-align: center;\"><span style=\"color: #ffffff; text-transform: uppercase;\">Menu<\/span><\/h2>\n<\/div><\/div><\/div><\/div>[vc_empty_space height=&#8221;20px&#8221;][\/vc_column][vc_column offset=&#8221;vc_col-lg-4 vc_col-md-4 vc_col-xs-12&#8243;]<div class=\"shortcode-banner shortcode-banner-link\" style=\"min-height: 180px;background-image: url(https:\/\/lezee.be\/wp-content\/uploads\/2016\/03\/background3.jpg)\" onclick=\"window.location.href='http:\/\/lezee.be\/galerie\/';\"><div class=\"shortcode-banner-bg wf-table\" style=\"padding: 10px;min-height: 180px\"><div class=\"shortcode-banner-inside wf-table text-normal\" style=\"background-color: rgb(0,0,0);background-color: rgba(0,0,0,0.01);border: solid 0px transparent;outline: solid 2px;outline-color: rgba(255,255,255,0.85);height: 180px\"><div><h2 style=\"font-size: 24px; text-align: center;\"><span style=\"color: #ffffff; text-transform: uppercase;\">Galerie<\/span><\/h2>\n<\/div><\/div><\/div><\/div>[vc_empty_space height=&#8221;20px&#8221;][\/vc_column][vc_column offset=&#8221;vc_col-lg-4 vc_col-md-4 vc_col-xs-12&#8243;]<div class=\"shortcode-banner shortcode-banner-link\" style=\"min-height: 180px;background-image: url(https:\/\/lezee.be\/wp-content\/uploads\/2016\/03\/img-rest-3.jpg)\" onclick=\"window.location.href='http:\/\/lezee.be\/visite-virtuelle\/';\"><div class=\"shortcode-banner-bg wf-table\" style=\"padding: 10px;min-height: 180px\"><div class=\"shortcode-banner-inside wf-table text-normal\" style=\"background-color: rgb(0,0,0);background-color: rgba(0,0,0,0.01);border: solid 0px transparent;outline: solid 2px;outline-color: rgba(255,255,255,0.85);height: 180px\"><div><h2 style=\"font-size: 24px; text-align: center;\"><span style=\"color: #ffffff; text-transform: uppercase;\">Visite virtuelle<\/span><\/h2>\n<\/div><\/div><\/div><\/div>[vc_empty_space height=&#8221;20px&#8221;][\/vc_column][\/vc_row][vc_row type=&#8221;vc_default&#8221; css=&#8221;.vc_custom_1462993997734{margin-top: -50px !important;margin-bottom: 0px !important;padding-top: 60px !important;padding-bottom: 60px !important;}&#8221;][vc_column width=&#8221;1\/2&#8243;][vc_custom_heading text=&#8221;Bienvenue au restaurant Le Zee&#8221; font_container=&#8221;tag:h3|font_size:30|text_align:left|color:%23267bb5&#8243; google_fonts=&#8221;font_family:Lobster%3Aregular|font_style:400%20regular%3A400%3Anormal&#8221;][vc_column_text]Le go\u00fbt avant tout, cette phrase r\u00e9sume parfaitement l\u2019\u00e9tat d\u2019esprit de notre chef <strong>Ahrirou El Hossain<\/strong>. Ce dernier, vous accueillera chaleureusement dans notre restaurant le Zee. Le meilleur de ce que la mer peut vous offrir se combine \u00e0 notre passion et note savoir-faire afin de vous offrir une exp\u00e9rience des plus inoubliables. Chaque repas vous r\u00e9v\u00e9lera des sensations gustatives jusqu\u2019alors insoup\u00e7onn\u00e9es\u00a0; car notre \u00e9thique professionnelle garantit un go\u00fbt incomparable et irr\u00e9sistible qui fait le secret de notre succ\u00e8s.[\/vc_column_text][vc_single_image image=&#8221;36313&#8243; img_size=&#8221;full&#8221;][\/vc_column][vc_column width=&#8221;1\/2&#8243;][vc_single_image image=&#8221;36314&#8243; img_size=&#8221;full&#8221;][vc_column_text]Chaque plat est accompagn\u00e9 de salade, de crudit\u00e9s, de frites\u00a0 et chaque jour notre chef vous surprendra avec un menu du jour sp\u00e9cial. Notre service impeccable ainsi que nos menus du jour sp\u00e9ciaux font du Zee restaurant-poissonnerie un lieu incontournable pour tout amoureux de la mer et de ses tr\u00e9sors. La qualit\u00e9, la fra\u00eecheur et le go\u00fbt, c\u2019est chez nous ![\/vc_column_text][\/vc_column][\/vc_row][vc_row type=&#8221;vc_default&#8221; full_width=&#8221;stretch_row&#8221; bg_color=&#8221;rgba(83,92,133,0.2)&#8221; bg_type=&#8221;image&#8221; parallax_style=&#8221;vcpb-default&#8221; bg_image_new=&#8221;id^36390|url^http:\/\/lezee.be\/wp-content\/uploads\/2016\/03\/restaurant-bg-2.jpg|caption^null|alt^null|title^restaurant-bg-2|description^null&#8221; bg_image_repeat=&#8221;no-repeat&#8221; bg_img_attach=&#8221;fixed&#8221; css=&#8221;.vc_custom_1464893391249{margin-bottom: 0px !important;}&#8221;][vc_column width=&#8221;1\/6&#8243;][\/vc_column][vc_column width=&#8221;2\/3&#8243;][vc_empty_space height=&#8221;45px&#8221;][vc_empty_space height=&#8221;10px&#8221;][vc_custom_heading text=&#8221;Pour toute r\u00e9servation, veuillez nous contacter au&#8221; font_container=&#8221;tag:h2|font_size:35px|text_align:center|color:%23ffffff|line_height:35px&#8221; use_theme_fonts=&#8221;yes&#8221;][vc_custom_heading text=&#8221;0484 98 60 09&#8243; font_container=&#8221;tag:h2|font_size:45px|text_align:center|color:%23ffffff|line_height:46px&#8221; use_theme_fonts=&#8221;yes&#8221;][vc_empty_space height=&#8221;45px&#8221;][vc_empty_space height=&#8221;45px&#8221;][\/vc_column][vc_column width=&#8221;1\/6&#8243;][\/vc_column][\/vc_row][vc_row type=&#8221;vc_default&#8221; full_width=&#8221;stretch_row&#8221; margin_top=&#8221;-50px&#8221; margin_bottom=&#8221;-50px&#8221; full_width_row=&#8221;true&#8221; bg_type=&#8221;image&#8221; parallax_style=&#8221;vcpb-default&#8221; bg_image_new=&#8221;id^35951|url^http:\/\/lezee.be\/wp-content\/uploads\/2016\/03\/background1-1.jpg|caption^null|alt^null|title^background1|description^null&#8221; bg_image_repeat=&#8221;repeat-y&#8221; bg_img_attach=&#8221;fixed&#8221; css=&#8221;.vc_custom_1463212889624{margin-top: -35px !important;margin-bottom: -35px !important;padding-top: -35px !important;}&#8221;][vc_column css=&#8221;.vc_custom_1463212972872{padding-top: 0px !important;}&#8221;][rev_slider_vc alias=&#8221;testemonials&#8221;][\/vc_column][\/vc_row][vc_row type=&#8221;vc_default&#8221; full_width=&#8221;stretch_row&#8221; bg_color=&#8221;rgba(83,92,133,0.2)&#8221; bg_type=&#8221;image&#8221; parallax_style=&#8221;vcpb-default&#8221; bg_image_new=&#8221;id^36391|url^http:\/\/lezee.be\/wp-content\/uploads\/2016\/03\/restaurant-bg-3.jpg|caption^null|alt^null|title^restaurant-bg-3|description^null&#8221; bg_image_repeat=&#8221;no-repeat&#8221; bg_img_attach=&#8221;fixed&#8221; css=&#8221;.vc_custom_1464893933011{margin-bottom: 0px !important;}&#8221;][vc_column width=&#8221;1\/6&#8243;][\/vc_column][vc_column width=&#8221;2\/3&#8243;][vc_empty_space height=&#8221;45px&#8221;][vc_custom_heading text=&#8221;Soyez les premiers \u00e0 d\u00e9couvrir nos nouveaut\u00e9s, promotions, recettes et encore plus!&#8221; font_container=&#8221;tag:h2|font_size:32px|text_align:center|color:%23ffffff|line_height:36px&#8221; use_theme_fonts=&#8221;yes&#8221;][vc_empty_space height=&#8221;45px&#8221;][vc_column_text]<script>var chimpy_ajaxurl = \"https:\/\/lezee.be\/wp-admin\/admin-ajax.php\";var chimpy_max_form_width = 400;<\/script><style>.chimpy_custom_css {}\r\n.sky-form .icon-append::before{\r\n  font-family: FontAwesome !important;\r\n}<\/style><div class=\"chimpy-reset chimpy_shortcode_content\" style=\"\"><form id=\"chimpy_shortcode_1\" class=\"chimpy_signup_form sky-form sky-form-blue chimpy_custom_css\"><input type=\"hidden\" name=\"chimpy_shortcode_subscribe[form]\" value=\"1\"><input type=\"hidden\" id=\"chimpy_form_context\" name=\"chimpy_shortcode_subscribe[context]\" value=\"shortcode\"><div class=\"chimpy_status_underlay\"><fieldset><section><label class=\"input\"><i class=\"icon-append fa-envelope-o\"><\/i><input type=\"text\" id=\"chimpy_shortcode_field_EMAIL\" name=\"chimpy_shortcode_subscribe[custom][EMAIL]\" placeholder=\"\"><\/input><\/label><\/section><\/fieldset><div id=\"chimpy_signup_shortcode_processing\" class=\"chimpy_signup_processing\" style=\"display: none;\"><\/div><div id=\"chimpy_signup_shortcode_error\" class=\"chimpy_signup_error\" style=\"display: none;\"><div><\/div><\/div><div id=\"chimpy_signup_shortcode_success\" class=\"chimpy_signup_success\" style=\"display: none;\"><div><\/div><\/div><\/div><footer><button type=\"button\" id=\"chimpy_shortcode_submit\" class=\"button\">Souscrire<\/button><\/footer><\/form><script type=\"text\/javascript\">jQuery(function() {jQuery(\"#chimpy_shortcode_1\").validate({rules: {\"chimpy_shortcode_subscribe[custom][EMAIL]\":{\"required\":true,\"maxlength\":200,\"email\":true}},messages: {\"chimpy_shortcode_subscribe[custom][EMAIL]\":{\"required\":\"Please enter a value\",\"email\":\"Invalid format\"}},errorPlacement: function(error, element) { error.insertAfter(element.parent()); }});});<\/script><\/div>[\/vc_column_text][vc_empty_space height=&#8221;45px&#8221;][\/vc_column][vc_column width=&#8221;1\/6&#8243;][\/vc_column][\/vc_row][vc_row type=&#8221;vc_default&#8221; bg_type=&#8221;image&#8221; parallax_style=&#8221;vcpb-default&#8221; bg_image_new=&#8221;id^35970|url^http:\/\/lezee.be\/wp-content\/uploads\/2016\/03\/pattern-bg-02.png|caption^null|alt^null|title^pattern-bg-02|description^null&#8221; bg_image_size=&#8221;initial&#8221; bg_image_posiiton=&#8221;center center&#8221; bg_override=&#8221;full&#8221; parallax_content=&#8221;parallax_content_value&#8221; parallax_content_sense=&#8221;20&#8243; fadeout_row=&#8221;fadeout_row_value&#8221; fadeout_start_effect=&#8221;30&#8243; seperator_enable=&#8221;off&#8221;][vc_column][vc_row_inner css=&#8221;.vc_custom_1458164295993{padding-top: 20px !important;}&#8221;][vc_column_inner width=&#8221;1\/3&#8243;][ult_animation_block animation=&#8221;swing&#8221; animation_duration=&#8221;1&#8243; animation_delay=&#8221;0&#8243; animation_iteration_count=&#8221;1&#8243;][bsf-info-box icon_type=&#8221;custom&#8221; icon_img=&#8221;id^35955|url^http:\/\/lezee.be\/wp-content\/uploads\/2016\/03\/info-box-1.png|caption^null|alt^null|title^info-box-1|description^null&#8221; img_width=&#8221;38&#8243; icon_style=&#8221;advanced&#8221; icon_color_bg=&#8221;rgba(255,255,255,0.01)&#8221; icon_border_style=&#8221;solid&#8221; icon_color_border=&#8221;#ffffff&#8221; icon_border_size=&#8221;3&#8243; icon_border_radius=&#8221;500&#8243; icon_border_spacing=&#8221;15&#8243; title=&#8221;Adresse:&#8221; pos=&#8221;left&#8221; title_font=&#8221;font_family:Lobster|font_call:Lobster&#8221; title_font_size=&#8221;desktop:24px;&#8221; title_font_color=&#8221;#ffffff&#8221; desc_font_color=&#8221;rgba(255,255,255,0.75)&#8221;]Rue Wayez 17, 1070 Anderlecht, Belgique[\/bsf-info-box][\/ult_animation_block][\/vc_column_inner][vc_column_inner width=&#8221;1\/3&#8243;][ult_animation_block animation=&#8221;swing&#8221; animation_duration=&#8221;1&#8243; animation_delay=&#8221;0.25&#8243; animation_iteration_count=&#8221;1&#8243;][bsf-info-box icon_type=&#8221;custom&#8221; icon_img=&#8221;id^35957|url^http:\/\/lezee.be\/wp-content\/uploads\/2016\/03\/info-box-3.png|caption^null|alt^null|title^info-box-3|description^null&#8221; img_width=&#8221;38&#8243; icon_style=&#8221;advanced&#8221; icon_color_bg=&#8221;rgba(255,255,255,0.01)&#8221; icon_border_style=&#8221;solid&#8221; icon_color_border=&#8221;#ffffff&#8221; icon_border_size=&#8221;3&#8243; icon_border_radius=&#8221;500&#8243; icon_border_spacing=&#8221;15&#8243; title=&#8221;Email:&#8221; pos=&#8221;left&#8221; title_font=&#8221;font_family:Lobster|font_call:Lobster&#8221; title_font_size=&#8221;desktop:24px;&#8221; title_font_color=&#8221;#ffffff&#8221; desc_font_color=&#8221;rgba(255,255,255,0.75)&#8221;]<a style=\"color: #fff;\" href=\"mailto:lezee@hotmail.be\">lezee@hotmail.be<\/a>[\/bsf-info-box][\/ult_animation_block][\/vc_column_inner][vc_column_inner width=&#8221;1\/3&#8243;][ult_animation_block animation=&#8221;swing&#8221; animation_duration=&#8221;1&#8243; animation_delay=&#8221;0.5&#8243; animation_iteration_count=&#8221;1&#8243;][bsf-info-box icon_type=&#8221;custom&#8221; icon_img=&#8221;id^35956|url^http:\/\/lezee.be\/wp-content\/uploads\/2016\/03\/info-box-2.png|caption^null|alt^null|title^info-box-2|description^null&#8221; img_width=&#8221;38&#8243; icon_style=&#8221;advanced&#8221; icon_color_bg=&#8221;rgba(255,255,255,0.01)&#8221; icon_border_style=&#8221;solid&#8221; icon_color_border=&#8221;#ffffff&#8221; icon_border_size=&#8221;3&#8243; icon_border_radius=&#8221;500&#8243; icon_border_spacing=&#8221;15&#8243; title=&#8221;Contacez nous:&#8221; pos=&#8221;left&#8221; title_font=&#8221;font_family:Lobster|font_call:Lobster&#8221; title_font_size=&#8221;desktop:24px;&#8221; title_font_color=&#8221;#ffffff&#8221; desc_font_color=&#8221;rgba(255,255,255,0.75)&#8221;]T\u00e9l\u00e9phone: 0489 63 74 88[\/bsf-info-box][\/ult_animation_block][\/vc_column_inner][\/vc_row_inner][\/vc_column][\/vc_row][vc_row type=&#8221;vc_default&#8221; bg_type=&#8221;bg_color&#8221; bg_override=&#8221;full&#8221; animation_type=&#8221;h&#8221; horizontal_animation=&#8221;left-animation&#8221; vertical_animation=&#8221;top-animation&#8221;][vc_column css=&#8221;.vc_custom_1462825959871{margin-top: -35px !important;margin-bottom: -35px !important;}&#8221;][ultimate_google_map height=&#8221;500px&#8221; lat=&#8221;50.836535&#8243; lng=&#8221;4.316211&#8243; zoom=&#8221;18&#8243; scrollwheel=&#8221;disable&#8221; marker_icon=&#8221;custom&#8221; icon_img=&#8221;id^35962|url^http:\/\/lezee.be\/wp-content\/uploads\/2016\/03\/blue-marker.png|caption^null|alt^null|title^blue-marker|description^null&#8221; map_override=&#8221;ex-full&#8221; map_style=&#8221;JTVCJTdCJTIyc3R5bGVycyUyMiUzQSU1QiU3QiUyMmh1ZSUyMiUzQSUyMiUyMzFhNzRiMSUyMiU3RCU1RCU3RCUyQyU3QiUyMmZlYXR1cmVUeXBlJTIyJTNBJTIycm9hZCUyMiUyQyUyMmVsZW1lbnRUeXBlJTIyJTNBJTIybGFiZWxzJTIyJTJDJTIyc3R5bGVycyUyMiUzQSU1QiU3QiUyMnZpc2liaWxpdHklMjIlM0ElMjJvZmYlMjIlN0QlNUQlN0QlMkMlN0IlMjJmZWF0dXJlVHlwZSUyMiUzQSUyMnJvYWQlMjIlMkMlMjJlbGVtZW50VHlwZSUyMiUzQSUyMmdlb21ldHJ5JTIyJTJDJTIyc3R5bGVycyUyMiUzQSU1QiU3QiUyMmxpZ2h0bmVzcyUyMiUzQTEwMCU3RCUyQyU3QiUyMnZpc2liaWxpdHklMjIlM0ElMjJzaW1wbGlmaWVkJTIyJTdEJTVEJTdEJTVE&#8221; pancontrol=&#8221;false&#8221;]Leathermarket Court 53[\/ultimate_google_map][\/vc_column][\/vc_row][vc_row type=&#8221;vc_default&#8221; full_width=&#8221;stretch_row&#8221; margin_top=&#8221;50&#8243; margin_bottom=&#8221;-31&#8243; bg_type=&#8221;image&#8221; parallax_style=&#8221;vcpb-default&#8221; bg_image_new=&#8221;id^35969|url^http:\/\/lezee.be\/wp-content\/uploads\/2016\/03\/background-04.png|caption^null|alt^null|title^background-04|description^null&#8221; bg_img_attach=&#8221;fixed&#8221; css=&#8221;.vc_custom_1463213056859{margin-bottom: -50px !important;}&#8221;][vc_column width=&#8221;1\/2&#8243; offset=&#8221;vc_col-lg-4 vc_col-md-4 vc_col-xs-12&#8243;]<div class=\"dt-fancy-separator h5-size\" style=\"width: 100%;\"><div class=\"dt-fancy-title\"><span class=\"separator-holder separator-left\"><\/span>NAVIGATION<span class=\"separator-holder separator-right\"><\/span><\/div><\/div>[vc_empty_space height=&#8221;40px&#8221;][vc_widget_sidebar show_bg=&#8221;false&#8221; sidebar_id=&#8221;sidebar_3&#8243;][vc_empty_space height=&#8221;30px&#8221;][\/vc_column][vc_column width=&#8221;1\/2&#8243; offset=&#8221;vc_col-lg-4 vc_col-md-4 vc_col-xs-12&#8243;]<div class=\"dt-fancy-separator h5-size\" style=\"width: 100%;\"><div class=\"dt-fancy-title\"><span class=\"separator-holder separator-left\"><\/span>NOS PRODUITS<span class=\"separator-holder separator-right\"><\/span><\/div><\/div>[vc_empty_space height=&#8221;40px&#8221;][vc_widget_sidebar show_bg=&#8221;false&#8221; sidebar_id=&#8221;sidebar_4&#8243;][vc_empty_space height=&#8221;30px&#8221;][\/vc_column][vc_column offset=&#8221;vc_col-lg-4 vc_col-md-4 vc_col-xs-12&#8243;]<div class=\"dt-fancy-separator h5-size\" style=\"width: 100%;\"><div class=\"dt-fancy-title\"><span class=\"separator-holder separator-left\"><\/span>INSCRIVEZ-VOUS POUR RECEVOIR NOS OFFRES PROMO<span class=\"separator-holder separator-right\"><\/span><\/div><\/div>[vc_empty_space height=&#8221;40px&#8221;][vc_widget_sidebar show_bg=&#8221;false&#8221; sidebar_id=&#8221;sidebar_5&#8243;][vc_empty_space height=&#8221;30px&#8221;][\/vc_column][\/vc_row]<\/p>\n","protected":false},"excerpt":{"rendered":"<p>[vc_row type=&#8221;1&#8243; margin_top=&#8221;-50px&#8221; padding_top=&#8221;44&#8243; padding_bottom=&#8221;24&#8243; bg_repeat=&#8221;repeat&#8221; css=&#8221;.vc_custom_1463684589099{margin-bottom: 0px !important;}&#8221; el_class=&#8221;Op-block&#8221;][vc_column offset=&#8221;vc_col-lg-4 vc_col-md-4 vc_col-xs-12&#8243;][vc_empty_space height=&#8221;20px&#8221;][\/vc_column][vc_column offset=&#8221;vc_col-lg-4 vc_col-md-4 vc_col-xs-12&#8243;][vc_empty_space height=&#8221;20px&#8221;][\/vc_column][vc_column offset=&#8221;vc_col-lg-4 vc_col-md-4 vc_col-xs-12&#8243;][vc_empty_space height=&#8221;20px&#8221;][\/vc_column][\/vc_row][vc_row type=&#8221;vc_default&#8221; css=&#8221;.vc_custom_1462993997734{margin-top: -50px !important;margin-bottom: 0px !important;padding-top: 60px !important;padding-bottom: 60px !important;}&#8221;][vc_column width=&#8221;1\/2&#8243;][vc_custom_heading text=&#8221;Bienvenue au restaurant Le Zee&#8221; font_container=&#8221;tag:h3|font_size:30|text_align:left|color:%23267bb5&#8243; google_fonts=&#8221;font_family:Lobster%3Aregular|font_style:400%20regular%3A400%3Anormal&#8221;][vc_column_text]Le go\u00fbt avant tout, cette phrase r\u00e9sume parfaitement l\u2019\u00e9tat d\u2019esprit de notre chef Ahrirou El Hossain.&hellip;<\/p>\n","protected":false},"author":1,"featured_media":0,"parent":0,"menu_order":0,"comment_status":"closed","ping_status":"open","template":"template-microsite.php","meta":[],"class_list":["post-35883","page","type-page","status-publish","hentry","description-off"],"yoast_head":"<!-- This site is optimized with the Yoast SEO plugin v20.0 - https:\/\/yoast.com\/wordpress\/plugins\/seo\/ -->\n<title>Restaurant &bull; Le Zee &bull; Livraison de poissons \u2022 Poissonnerie \u2022 Restaurant \u2022 Traiteur \u00e0 Anderlecht<\/title>\n<meta name=\"robots\" content=\"index, follow, max-snippet:-1, max-image-preview:large, max-video-preview:-1\" \/>\n<link rel=\"canonical\" href=\"http:\/\/lezee.be\/restaurant\/\" \/>\n<meta property=\"og:locale\" content=\"en_US\" \/>\n<meta property=\"og:type\" content=\"article\" \/>\n<meta property=\"og:title\" content=\"Restaurant - Livraison de poissons \u2022 Poissonnerie \u2022 Restaurant \u2022 Traiteur \u00e0 Anderlecht\" \/>\n<meta property=\"og:description\" content=\"[vc_row type=&#8221;1&#8243; margin_top=&#8221;-50px&#8221; padding_top=&#8221;44&#8243; padding_bottom=&#8221;24&#8243; bg_repeat=&#8221;repeat&#8221; css=&#8221;.vc_custom_1463684589099{margin-bottom: 0px !important;}&#8221; el_class=&#8221;Op-block&#8221;][vc_column offset=&#8221;vc_col-lg-4 vc_col-md-4 vc_col-xs-12&#8243;][vc_empty_space height=&#8221;20px&#8221;][\/vc_column][vc_column offset=&#8221;vc_col-lg-4 vc_col-md-4 vc_col-xs-12&#8243;][vc_empty_space height=&#8221;20px&#8221;][\/vc_column][vc_column offset=&#8221;vc_col-lg-4 vc_col-md-4 vc_col-xs-12&#8243;][vc_empty_space height=&#8221;20px&#8221;][\/vc_column][\/vc_row][vc_row type=&#8221;vc_default&#8221; css=&#8221;.vc_custom_1462993997734{margin-top: -50px !important;margin-bottom: 0px !important;padding-top: 60px !important;padding-bottom: 60px !important;}&#8221;][vc_column width=&#8221;1\/2&#8243;][vc_custom_heading text=&#8221;Bienvenue au restaurant Le Zee&#8221; font_container=&#8221;tag:h3|font_size:30|text_align:left|color:%23267bb5&#8243; google_fonts=&#8221;font_family:Lobster%3Aregular|font_style:400%20regular%3A400%3Anormal&#8221;][vc_column_text]Le go\u00fbt avant tout, cette phrase r\u00e9sume parfaitement l\u2019\u00e9tat d\u2019esprit de notre chef Ahrirou El Hossain.&hellip;\" \/>\n<meta property=\"og:url\" content=\"http:\/\/lezee.be\/restaurant\/\" \/>\n<meta property=\"og:site_name\" content=\"Le Zee\" \/>\n<meta property=\"article:publisher\" content=\"https:\/\/www.facebook.com\/Restaurant-poissonnerie-LE-Z%c3%89E-1407155346256400\/\" \/>\n<meta property=\"article:modified_time\" content=\"2023-09-25T04:10:05+00:00\" \/>\n<meta property=\"og:image\" content=\"https:\/\/lezee.be\/wp-content\/uploads\/2016\/03\/img-rest-3.jpg\" \/>\n\t<meta property=\"og:image:width\" content=\"1000\" \/>\n\t<meta property=\"og:image:height\" content=\"486\" \/>\n\t<meta property=\"og:image:type\" content=\"image\/jpeg\" \/>\n<meta name=\"twitter:card\" content=\"summary_large_image\" \/>\n<meta name=\"twitter:title\" content=\"Restaurant - Livraison de poissons \u2022 Poissonnerie \u2022 Restaurant \u2022 Traiteur \u00e0 Anderlecht\" \/>\n<meta name=\"twitter:image\" content=\"https:\/\/lezee.be\/wp-content\/uploads\/2016\/03\/img-rest-3.jpg\" \/>\n<meta name=\"twitter:label1\" content=\"Est. reading time\" \/>\n\t<meta name=\"twitter:data1\" content=\"3 minutes\" \/>\n<script type=\"application\/ld+json\" class=\"yoast-schema-graph\">{\"@context\":\"https:\/\/schema.org\",\"@graph\":[{\"@type\":\"WebPage\",\"@id\":\"https:\/\/lezee.be\/?page_id=35883\",\"url\":\"http:\/\/lezee.be\/restaurant\/\",\"name\":\"Restaurant &bull; Le Zee &bull; Livraison de poissons \u2022 Poissonnerie \u2022 Restaurant \u2022 Traiteur \u00e0 Anderlecht\",\"isPartOf\":{\"@id\":\"https:\/\/lezee.be\/#website\"},\"datePublished\":\"2016-03-11T12:57:00+00:00\",\"dateModified\":\"2023-09-25T04:10:05+00:00\",\"breadcrumb\":{\"@id\":\"http:\/\/lezee.be\/restaurant\/#breadcrumb\"},\"inLanguage\":\"en-US\",\"potentialAction\":[{\"@type\":\"ReadAction\",\"target\":[\"http:\/\/lezee.be\/restaurant\/\"]}]},{\"@type\":\"BreadcrumbList\",\"@id\":\"http:\/\/lezee.be\/restaurant\/#breadcrumb\",\"itemListElement\":[{\"@type\":\"ListItem\",\"position\":1,\"name\":\"Accueil\",\"item\":\"https:\/\/lezee.be\/\"},{\"@type\":\"ListItem\",\"position\":2,\"name\":\"Restaurant\"}]},{\"@type\":\"WebSite\",\"@id\":\"https:\/\/lezee.be\/#website\",\"url\":\"https:\/\/lezee.be\/\",\"name\":\"Le Zee\",\"description\":\"Livraison de poissons \u2022 Poissonnerie \u2022 Restaurant \u2022 Traiteur \u00e0 Anderlecht\",\"potentialAction\":[{\"@type\":\"SearchAction\",\"target\":{\"@type\":\"EntryPoint\",\"urlTemplate\":\"https:\/\/lezee.be\/?s={search_term_string}\"},\"query-input\":\"required name=search_term_string\"}],\"inLanguage\":\"en-US\"}]}<\/script>\n<!-- \/ Yoast SEO plugin. -->","yoast_head_json":{"title":"Restaurant &bull; Le Zee &bull; Livraison de poissons \u2022 Poissonnerie \u2022 Restaurant \u2022 Traiteur \u00e0 Anderlecht","robots":{"index":"index","follow":"follow","max-snippet":"max-snippet:-1","max-image-preview":"max-image-preview:large","max-video-preview":"max-video-preview:-1"},"canonical":"http:\/\/lezee.be\/restaurant\/","og_locale":"en_US","og_type":"article","og_title":"Restaurant - Livraison de poissons \u2022 Poissonnerie \u2022 Restaurant \u2022 Traiteur \u00e0 Anderlecht","og_description":"[vc_row type=&#8221;1&#8243; margin_top=&#8221;-50px&#8221; padding_top=&#8221;44&#8243; padding_bottom=&#8221;24&#8243; bg_repeat=&#8221;repeat&#8221; css=&#8221;.vc_custom_1463684589099{margin-bottom: 0px !important;}&#8221; el_class=&#8221;Op-block&#8221;][vc_column offset=&#8221;vc_col-lg-4 vc_col-md-4 vc_col-xs-12&#8243;][vc_empty_space height=&#8221;20px&#8221;][\/vc_column][vc_column offset=&#8221;vc_col-lg-4 vc_col-md-4 vc_col-xs-12&#8243;][vc_empty_space height=&#8221;20px&#8221;][\/vc_column][vc_column offset=&#8221;vc_col-lg-4 vc_col-md-4 vc_col-xs-12&#8243;][vc_empty_space height=&#8221;20px&#8221;][\/vc_column][\/vc_row][vc_row type=&#8221;vc_default&#8221; css=&#8221;.vc_custom_1462993997734{margin-top: -50px !important;margin-bottom: 0px !important;padding-top: 60px !important;padding-bottom: 60px !important;}&#8221;][vc_column width=&#8221;1\/2&#8243;][vc_custom_heading text=&#8221;Bienvenue au restaurant Le Zee&#8221; font_container=&#8221;tag:h3|font_size:30|text_align:left|color:%23267bb5&#8243; google_fonts=&#8221;font_family:Lobster%3Aregular|font_style:400%20regular%3A400%3Anormal&#8221;][vc_column_text]Le go\u00fbt avant tout, cette phrase r\u00e9sume parfaitement l\u2019\u00e9tat d\u2019esprit de notre chef Ahrirou El Hossain.&hellip;","og_url":"http:\/\/lezee.be\/restaurant\/","og_site_name":"Le Zee","article_publisher":"https:\/\/www.facebook.com\/Restaurant-poissonnerie-LE-Z%c3%89E-1407155346256400\/","article_modified_time":"2023-09-25T04:10:05+00:00","og_image":[{"width":1000,"height":486,"url":"https:\/\/lezee.be\/wp-content\/uploads\/2016\/03\/img-rest-3.jpg","type":"image\/jpeg"}],"twitter_card":"summary_large_image","twitter_title":"Restaurant - Livraison de poissons \u2022 Poissonnerie \u2022 Restaurant \u2022 Traiteur \u00e0 Anderlecht","twitter_image":"https:\/\/lezee.be\/wp-content\/uploads\/2016\/03\/img-rest-3.jpg","twitter_misc":{"Est. reading time":"3 minutes"},"schema":{"@context":"https:\/\/schema.org","@graph":[{"@type":"WebPage","@id":"https:\/\/lezee.be\/?page_id=35883","url":"http:\/\/lezee.be\/restaurant\/","name":"Restaurant &bull; Le Zee &bull; Livraison de poissons \u2022 Poissonnerie \u2022 Restaurant \u2022 Traiteur \u00e0 Anderlecht","isPartOf":{"@id":"https:\/\/lezee.be\/#website"},"datePublished":"2016-03-11T12:57:00+00:00","dateModified":"2023-09-25T04:10:05+00:00","breadcrumb":{"@id":"http:\/\/lezee.be\/restaurant\/#breadcrumb"},"inLanguage":"en-US","potentialAction":[{"@type":"ReadAction","target":["http:\/\/lezee.be\/restaurant\/"]}]},{"@type":"BreadcrumbList","@id":"http:\/\/lezee.be\/restaurant\/#breadcrumb","itemListElement":[{"@type":"ListItem","position":1,"name":"Accueil","item":"https:\/\/lezee.be\/"},{"@type":"ListItem","position":2,"name":"Restaurant"}]},{"@type":"WebSite","@id":"https:\/\/lezee.be\/#website","url":"https:\/\/lezee.be\/","name":"Le Zee","description":"Livraison de poissons \u2022 Poissonnerie \u2022 Restaurant \u2022 Traiteur \u00e0 Anderlecht","potentialAction":[{"@type":"SearchAction","target":{"@type":"EntryPoint","urlTemplate":"https:\/\/lezee.be\/?s={search_term_string}"},"query-input":"required name=search_term_string"}],"inLanguage":"en-US"}]}},"_links":{"self":[{"href":"https:\/\/lezee.be\/index.php?rest_route=\/wp\/v2\/pages\/35883","targetHints":{"allow":["GET"]}}],"collection":[{"href":"https:\/\/lezee.be\/index.php?rest_route=\/wp\/v2\/pages"}],"about":[{"href":"https:\/\/lezee.be\/index.php?rest_route=\/wp\/v2\/types\/page"}],"author":[{"embeddable":true,"href":"https:\/\/lezee.be\/index.php?rest_route=\/wp\/v2\/users\/1"}],"replies":[{"embeddable":true,"href":"https:\/\/lezee.be\/index.php?rest_route=%2Fwp%2Fv2%2Fcomments&post=35883"}],"version-history":[{"count":0,"href":"https:\/\/lezee.be\/index.php?rest_route=\/wp\/v2\/pages\/35883\/revisions"}],"wp:attachment":[{"href":"https:\/\/lezee.be\/index.php?rest_route=%2Fwp%2Fv2%2Fmedia&parent=35883"}],"curies":[{"name":"wp","href":"https:\/\/api.w.org\/{rel}","templated":true}]}}